{"id":954,"date":"2024-02-09T10:23:08","date_gmt":"2024-02-09T09:23:08","guid":{"rendered":"https:\/\/loliflorez.fr\/?post_type=product&#038;p=954"},"modified":"2024-12-07T12:00:02","modified_gmt":"2024-12-07T11:00:02","slug":"petit-carre-larbre","status":"publish","type":"product","link":"https:\/\/loliflorez.fr\/index.php\/produit\/petit-carre-larbre\/","title":{"rendered":"Le Classique L&rsquo;arbre"},"content":{"rendered":"","protected":false},"excerpt":{"rendered":"<p>Carr\u00e9 en voile de soie<\/p>\n<p>Dimensions : 50 x 50 cm<\/p>\n<p>Couleur : Noir &amp; \u00c9cru<\/p>\n","protected":false},"featured_media":1265,"template":"","meta":[],"product_cat":[43],"product_tag":[],"class_list":{"0":"post-954","1":"product","2":"type-product","3":"status-publish","4":"has-post-thumbnail","6":"product_cat-petits-classiques","8":"first","9":"instock","10":"shipping-taxable","11":"purchasable","12":"product-type-variable"},"yoast_head":"<!-- This site is optimized with the Yoast SEO plugin v24.0 - https:\/\/yoast.com\/wordpress\/plugins\/seo\/ -->\n<title>Le Classique L&#039;arbre - Loli Florez - Cr\u00e9atrice d&#039;\u00e9toles<\/title>\n<meta name=\"robots\" content=\"index, follow, max-snippet:-1, max-image-preview:large, max-video-preview:-1\" \/>\n<link rel=\"canonical\" href=\"https:\/\/loliflorez.fr\/index.php\/produit\/petit-carre-larbre\/\" \/>\n<meta property=\"og:locale\" content=\"fr_FR\" \/>\n<meta property=\"og:type\" content=\"article\" \/>\n<meta property=\"og:title\" content=\"Le Classique L&#039;arbre - Loli Florez - Cr\u00e9atrice d&#039;\u00e9toles\" \/>\n<meta property=\"og:description\" content=\"Carr\u00e9 en voile de soie  Dimensions : 50 x 50 cm  Couleur : Noir &amp; \u00c9cru\" \/>\n<meta property=\"og:url\" content=\"https:\/\/loliflorez.fr\/index.php\/produit\/petit-carre-larbre\/\" \/>\n<meta property=\"og:site_name\" content=\"Loli Florez - Cr\u00e9atrice d&#039;\u00e9toles\" \/>\n<meta property=\"article:publisher\" content=\"https:\/\/www.facebook.com\/p\/Loli-FlC3B5rez-CrC3A9atrice-DC389toles-en-Voile-De-Soie-100027128186683\/?paipv=0&amp;eav=AfbWEIUbE7__buCKMxqdz1cwoN4pFHs0VG1iA6PjhEuJIiK_d3e2yQZ3hqI3ipr6O4g&amp;_rdr\" \/>\n<meta property=\"article:modified_time\" content=\"2024-12-07T11:00:02+00:00\" \/>\n<meta property=\"og:image\" content=\"https:\/\/loliflorez.fr\/wp-content\/uploads\/2024\/02\/ARBRENOIR.jpg\" \/>\n\t<meta property=\"og:image:width\" content=\"720\" \/>\n\t<meta property=\"og:image:height\" content=\"720\" \/>\n\t<meta property=\"og:image:type\" content=\"image\/jpeg\" \/>\n<meta name=\"twitter:card\" content=\"summary_large_image\" \/>\n<script type=\"application\/ld+json\" class=\"yoast-schema-graph\">{\"@context\":\"https:\/\/schema.org\",\"@graph\":[{\"@type\":\"WebPage\",\"@id\":\"https:\/\/loliflorez.fr\/index.php\/produit\/petit-carre-larbre\/\",\"url\":\"https:\/\/loliflorez.fr\/index.php\/produit\/petit-carre-larbre\/\",\"name\":\"Le Classique L'arbre - Loli Florez - Cr\u00e9atrice d&#039;\u00e9toles\",\"isPartOf\":{\"@id\":\"https:\/\/loliflorez.fr\/#website\"},\"primaryImageOfPage\":{\"@id\":\"https:\/\/loliflorez.fr\/index.php\/produit\/petit-carre-larbre\/#primaryimage\"},\"image\":{\"@id\":\"https:\/\/loliflorez.fr\/index.php\/produit\/petit-carre-larbre\/#primaryimage\"},\"thumbnailUrl\":\"https:\/\/loliflorez.fr\/wp-content\/uploads\/2024\/02\/ARBRENOIR.jpg\",\"datePublished\":\"2024-02-09T09:23:08+00:00\",\"dateModified\":\"2024-12-07T11:00:02+00:00\",\"breadcrumb\":{\"@id\":\"https:\/\/loliflorez.fr\/index.php\/produit\/petit-carre-larbre\/#breadcrumb\"},\"inLanguage\":\"fr-FR\",\"potentialAction\":[{\"@type\":\"ReadAction\",\"target\":[\"https:\/\/loliflorez.fr\/index.php\/produit\/petit-carre-larbre\/\"]}]},{\"@type\":\"ImageObject\",\"inLanguage\":\"fr-FR\",\"@id\":\"https:\/\/loliflorez.fr\/index.php\/produit\/petit-carre-larbre\/#primaryimage\",\"url\":\"https:\/\/loliflorez.fr\/wp-content\/uploads\/2024\/02\/ARBRENOIR.jpg\",\"contentUrl\":\"https:\/\/loliflorez.fr\/wp-content\/uploads\/2024\/02\/ARBRENOIR.jpg\",\"width\":720,\"height\":720},{\"@type\":\"BreadcrumbList\",\"@id\":\"https:\/\/loliflorez.fr\/index.php\/produit\/petit-carre-larbre\/#breadcrumb\",\"itemListElement\":[{\"@type\":\"ListItem\",\"position\":1,\"name\":\"Accueil\",\"item\":\"https:\/\/loliflorez.fr\/\"},{\"@type\":\"ListItem\",\"position\":2,\"name\":\"Toute la collection\",\"item\":\"https:\/\/loliflorez.fr\/index.php\/shop\/\"},{\"@type\":\"ListItem\",\"position\":3,\"name\":\"Le Classique L&rsquo;arbre\"}]},{\"@type\":\"WebSite\",\"@id\":\"https:\/\/loliflorez.fr\/#website\",\"url\":\"https:\/\/loliflorez.fr\/\",\"name\":\"Loli Florer\",\"description\":\"\",\"publisher\":{\"@id\":\"https:\/\/loliflorez.fr\/#organization\"},\"potentialAction\":[{\"@type\":\"SearchAction\",\"target\":{\"@type\":\"EntryPoint\",\"urlTemplate\":\"https:\/\/loliflorez.fr\/?s={search_term_string}\"},\"query-input\":{\"@type\":\"PropertyValueSpecification\",\"valueRequired\":true,\"valueName\":\"search_term_string\"}}],\"inLanguage\":\"fr-FR\"},{\"@type\":\"Organization\",\"@id\":\"https:\/\/loliflorez.fr\/#organization\",\"name\":\"Loli Florez\",\"url\":\"https:\/\/loliflorez.fr\/\",\"logo\":{\"@type\":\"ImageObject\",\"inLanguage\":\"fr-FR\",\"@id\":\"https:\/\/loliflorez.fr\/#\/schema\/logo\/image\/\",\"url\":\"https:\/\/loliflorez.fr\/wp-content\/uploads\/2024\/02\/cropped-logo_loli_florez-1.png\",\"contentUrl\":\"https:\/\/loliflorez.fr\/wp-content\/uploads\/2024\/02\/cropped-logo_loli_florez-1.png\",\"width\":4492,\"height\":1083,\"caption\":\"Loli Florez\"},\"image\":{\"@id\":\"https:\/\/loliflorez.fr\/#\/schema\/logo\/image\/\"},\"sameAs\":[\"https:\/\/www.facebook.com\/p\/Loli-FlC3B5rez-CrC3A9atrice-DC389toles-en-Voile-De-Soie-100027128186683\/?paipv=0&eav=AfbWEIUbE7__buCKMxqdz1cwoN4pFHs0VG1iA6PjhEuJIiK_d3e2yQZ3hqI3ipr6O4g&_rdr\",\"https:\/\/www.instagram.com\/loli.florez\/\"]}]}<\/script>\n<!-- \/ Yoast SEO plugin. -->","yoast_head_json":{"title":"Le Classique L'arbre - Loli Florez - Cr\u00e9atrice d&#039;\u00e9toles","robots":{"index":"index","follow":"follow","max-snippet":"max-snippet:-1","max-image-preview":"max-image-preview:large","max-video-preview":"max-video-preview:-1"},"canonical":"https:\/\/loliflorez.fr\/index.php\/produit\/petit-carre-larbre\/","og_locale":"fr_FR","og_type":"article","og_title":"Le Classique L'arbre - Loli Florez - Cr\u00e9atrice d&#039;\u00e9toles","og_description":"Carr\u00e9 en voile de soie  Dimensions : 50 x 50 cm  Couleur : Noir &amp; \u00c9cru","og_url":"https:\/\/loliflorez.fr\/index.php\/produit\/petit-carre-larbre\/","og_site_name":"Loli Florez - Cr\u00e9atrice d&#039;\u00e9toles","article_publisher":"https:\/\/www.facebook.com\/p\/Loli-FlC3B5rez-CrC3A9atrice-DC389toles-en-Voile-De-Soie-100027128186683\/?paipv=0&eav=AfbWEIUbE7__buCKMxqdz1cwoN4pFHs0VG1iA6PjhEuJIiK_d3e2yQZ3hqI3ipr6O4g&_rdr","article_modified_time":"2024-12-07T11:00:02+00:00","og_image":[{"width":720,"height":720,"url":"https:\/\/loliflorez.fr\/wp-content\/uploads\/2024\/02\/ARBRENOIR.jpg","type":"image\/jpeg"}],"twitter_card":"summary_large_image","schema":{"@context":"https:\/\/schema.org","@graph":[{"@type":"WebPage","@id":"https:\/\/loliflorez.fr\/index.php\/produit\/petit-carre-larbre\/","url":"https:\/\/loliflorez.fr\/index.php\/produit\/petit-carre-larbre\/","name":"Le Classique L'arbre - Loli Florez - Cr\u00e9atrice d&#039;\u00e9toles","isPartOf":{"@id":"https:\/\/loliflorez.fr\/#website"},"primaryImageOfPage":{"@id":"https:\/\/loliflorez.fr\/index.php\/produit\/petit-carre-larbre\/#primaryimage"},"image":{"@id":"https:\/\/loliflorez.fr\/index.php\/produit\/petit-carre-larbre\/#primaryimage"},"thumbnailUrl":"https:\/\/loliflorez.fr\/wp-content\/uploads\/2024\/02\/ARBRENOIR.jpg","datePublished":"2024-02-09T09:23:08+00:00","dateModified":"2024-12-07T11:00:02+00:00","breadcrumb":{"@id":"https:\/\/loliflorez.fr\/index.php\/produit\/petit-carre-larbre\/#breadcrumb"},"inLanguage":"fr-FR","potentialAction":[{"@type":"ReadAction","target":["https:\/\/loliflorez.fr\/index.php\/produit\/petit-carre-larbre\/"]}]},{"@type":"ImageObject","inLanguage":"fr-FR","@id":"https:\/\/loliflorez.fr\/index.php\/produit\/petit-carre-larbre\/#primaryimage","url":"https:\/\/loliflorez.fr\/wp-content\/uploads\/2024\/02\/ARBRENOIR.jpg","contentUrl":"https:\/\/loliflorez.fr\/wp-content\/uploads\/2024\/02\/ARBRENOIR.jpg","width":720,"height":720},{"@type":"BreadcrumbList","@id":"https:\/\/loliflorez.fr\/index.php\/produit\/petit-carre-larbre\/#breadcrumb","itemListElement":[{"@type":"ListItem","position":1,"name":"Accueil","item":"https:\/\/loliflorez.fr\/"},{"@type":"ListItem","position":2,"name":"Toute la collection","item":"https:\/\/loliflorez.fr\/index.php\/shop\/"},{"@type":"ListItem","position":3,"name":"Le Classique L&rsquo;arbre"}]},{"@type":"WebSite","@id":"https:\/\/loliflorez.fr\/#website","url":"https:\/\/loliflorez.fr\/","name":"Loli Florer","description":"","publisher":{"@id":"https:\/\/loliflorez.fr\/#organization"},"potentialAction":[{"@type":"SearchAction","target":{"@type":"EntryPoint","urlTemplate":"https:\/\/loliflorez.fr\/?s={search_term_string}"},"query-input":{"@type":"PropertyValueSpecification","valueRequired":true,"valueName":"search_term_string"}}],"inLanguage":"fr-FR"},{"@type":"Organization","@id":"https:\/\/loliflorez.fr\/#organization","name":"Loli Florez","url":"https:\/\/loliflorez.fr\/","logo":{"@type":"ImageObject","inLanguage":"fr-FR","@id":"https:\/\/loliflorez.fr\/#\/schema\/logo\/image\/","url":"https:\/\/loliflorez.fr\/wp-content\/uploads\/2024\/02\/cropped-logo_loli_florez-1.png","contentUrl":"https:\/\/loliflorez.fr\/wp-content\/uploads\/2024\/02\/cropped-logo_loli_florez-1.png","width":4492,"height":1083,"caption":"Loli Florez"},"image":{"@id":"https:\/\/loliflorez.fr\/#\/schema\/logo\/image\/"},"sameAs":["https:\/\/www.facebook.com\/p\/Loli-FlC3B5rez-CrC3A9atrice-DC389toles-en-Voile-De-Soie-100027128186683\/?paipv=0&eav=AfbWEIUbE7__buCKMxqdz1cwoN4pFHs0VG1iA6PjhEuJIiK_d3e2yQZ3hqI3ipr6O4g&_rdr","https:\/\/www.instagram.com\/loli.florez\/"]}]}},"_links":{"self":[{"href":"https:\/\/loliflorez.fr\/index.php\/wp-json\/wp\/v2\/product\/954","targetHints":{"allow":["GET"]}}],"collection":[{"href":"https:\/\/loliflorez.fr\/index.php\/wp-json\/wp\/v2\/product"}],"about":[{"href":"https:\/\/loliflorez.fr\/index.php\/wp-json\/wp\/v2\/types\/product"}],"wp:featuredmedia":[{"embeddable":true,"href":"https:\/\/loliflorez.fr\/index.php\/wp-json\/wp\/v2\/media\/1265"}],"wp:attachment":[{"href":"https:\/\/loliflorez.fr\/index.php\/wp-json\/wp\/v2\/media?parent=954"}],"wp:term":[{"taxonomy":"product_cat","embeddable":true,"href":"https:\/\/loliflorez.fr\/index.php\/wp-json\/wp\/v2\/product_cat?post=954"},{"taxonomy":"product_tag","embeddable":true,"href":"https:\/\/loliflorez.fr\/index.php\/wp-json\/wp\/v2\/product_tag?post=954"}],"curies":[{"name":"wp","href":"https:\/\/api.w.org\/{rel}","templated":true}]}}